{"id":1363,"date":"2025-09-06T19:04:25","date_gmt":"2025-09-06T19:04:25","guid":{"rendered":"https:\/\/nielsgadechamberorchestra.de\/?page_id=1363"},"modified":"2026-05-13T08:46:23","modified_gmt":"2026-05-13T08:46:23","slug":"1363-2","status":"publish","type":"page","link":"https:\/\/nielsgadechamberorchestra.de\/en\/main-page\/ngco\/1363-2\/","title":{"rendered":"Association and support"},"content":{"rendered":"<div style=\"aspect-ratio:auto;min-height:unset;\" class=\"wp-block-cover has-custom-content-position is-position-top-center has-xxlarge-font-size has-aspect-ratio\"><img loading=\"lazy\" decoding=\"async\" width=\"1620\" height=\"1080\" class=\"wp-block-cover__image-background wp-image-1827 size-large\" alt=\"\" src=\"https:\/\/nielsgadechamberorchestra.de\/wp-content\/uploads\/2026\/01\/IMG_0459-1620x1080.jpeg\" data-object-fit=\"cover\" srcset=\"https:\/\/nielsgadechamberorchestra.de\/wp-content\/uploads\/2026\/01\/IMG_0459-1620x1080.jpeg 1620w, https:\/\/nielsgadechamberorchestra.de\/wp-content\/uploads\/2026\/01\/IMG_0459-600x400.jpeg 600w, https:\/\/nielsgadechamberorchestra.de\/wp-content\/uploads\/2026\/01\/IMG_0459-768x512.jpeg 768w, https:\/\/nielsgadechamberorchestra.de\/wp-content\/uploads\/2026\/01\/IMG_0459-1536x1024.jpeg 1536w, https:\/\/nielsgadechamberorchestra.de\/wp-content\/uploads\/2026\/01\/IMG_0459-18x12.jpeg 18w, https:\/\/nielsgadechamberorchestra.de\/wp-content\/uploads\/2026\/01\/IMG_0459-1320x880.jpeg 1320w, https:\/\/nielsgadechamberorchestra.de\/wp-content\/uploads\/2026\/01\/IMG_0459.jpeg 2000w\" sizes=\"auto, (max-width: 1620px) 100vw, 1620px\" \/><span aria-hidden=\"true\" class=\"wp-block-cover__background has-theme-palette-9-background-color has-background-dim-70 has-background-dim\"><\/span><div class=\"wp-block-cover__inner-container is-layout-constrained wp-block-cover-is-layout-constrained\">\n<h2 class=\"wp-block-heading has-text-align-center has-theme-palette-2-color has-text-color has-link-color has-xxlarge-font-size wp-elements-c8ff22935c4270e10ae85f1c6647fc64\">Freunde und F\u00f6rderer des Niels Gade Chamber Orchestra e.V.<\/h2>\n<\/div><\/div>\n\n\n\n\n\n<h2 class=\"wp-block-heading\">SPENDEN UND UNTERST\u00dcTZUNG<\/h2>\n\n\n\n<p>Im Jahr 2025 haben wir den gemeinn\u00fctzigen Verein Freunde und F\u00f6rderer des Niels Gade Chamber Orchestra e.V. ins Leben gerufen, um die k\u00fcnstlerische Arbeit unseres Ensembles langfristig zu st\u00e4rken. Der F\u00f6rderverein soll eine stabile Grundlage schaffen, auf der neue Projekte entstehen, junge Musikerinnen und Musiker unterst\u00fctzt und unsere Konzertaktivit\u00e4ten kontinuierlich weiterentwickelt werden k\u00f6nnen.<\/p>\n\n\n\n<p>Jede Mitgliedschaft hilft dabei, die Zukunft unseres Orchesters zu sichern \u2013 sei es durch Konzertf\u00f6rderung, Projektunterst\u00fctzung oder langfristiges Engagement. Wenn Sie unsere Arbeit sch\u00e4tzen und den Weg des Orchesters begleiten m\u00f6chten, laden wir Sie herzlich ein, Teil des F\u00f6rdervereins zu werden. Gemeinsam k\u00f6nnen wir daf\u00fcr sorgen, dass unsere Musik auch in Zukunft Menschen erreicht und begeistert.<br><\/p>\n\n\n\n<p><\/p>\n\n\n<style>.kadence-column1363_ec1458-41 > .kt-inside-inner-col,.kadence-column1363_ec1458-41 > .kt-inside-inner-col:before{border-top-left-radius:0px;border-top-right-radius:0px;border-bottom-right-radius:0px;border-bottom-left-radius:0px;}.kadence-column1363_ec1458-41 > .kt-inside-inner-col{column-gap:var(--global-kb-gap-sm, 1rem);}.kadence-column1363_ec1458-41 > .kt-inside-inner-col{flex-direction:column;}.kadence-column1363_ec1458-41 > .kt-inside-inner-col > .aligncenter{width:100%;}.kadence-column1363_ec1458-41 > .kt-inside-inner-col{background-color:rgba(0, 0, 0, 0);}.kadence-column1363_ec1458-41 > .kt-inside-inner-col:before{opacity:0.3;}.kadence-column1363_ec1458-41{position:relative;}@media all and (max-width: 1024px){.kadence-column1363_ec1458-41 > .kt-inside-inner-col{flex-direction:column;justify-content:center;}}@media all and (max-width: 767px){.kadence-column1363_ec1458-41 > .kt-inside-inner-col{flex-direction:column;justify-content:center;}}<\/style>\n<div class=\"wp-block-kadence-column kadence-column1363_ec1458-41\"><div class=\"kt-inside-inner-col\"><style>.wp-block-kadence-advancedheading.kt-adv-heading1363_9a1dd3-f7, .wp-block-kadence-advancedheading.kt-adv-heading1363_9a1dd3-f7[data-kb-block=\"kb-adv-heading1363_9a1dd3-f7\"]{max-width:600px;margin-top:0px;margin-bottom:0px;text-align:left;font-size:25px;line-height:1.1;font-style:normal;text-transform:uppercase;}.wp-block-kadence-advancedheading.kt-adv-heading1363_9a1dd3-f7 mark.kt-highlight, .wp-block-kadence-advancedheading.kt-adv-heading1363_9a1dd3-f7[data-kb-block=\"kb-adv-heading1363_9a1dd3-f7\"] mark.kt-highlight{font-style:normal;color:#f76a0c;-webkit-box-decoration-break:clone;box-decoration-break:clone;padding-top:0px;padding-right:0px;padding-bottom:0px;padding-left:0px;}.wp-block-kadence-advancedheading.kt-adv-heading1363_9a1dd3-f7 img.kb-inline-image, .wp-block-kadence-advancedheading.kt-adv-heading1363_9a1dd3-f7[data-kb-block=\"kb-adv-heading1363_9a1dd3-f7\"] img.kb-inline-image{width:150px;vertical-align:baseline;}<\/style>\n<h2 class=\"kt-adv-heading1363_9a1dd3-f7 wp-block-kadence-advancedheading has-theme-palette-3-color has-text-color\" data-kb-block=\"kb-adv-heading1363_9a1dd3-f7\">Vorstand<\/h2>\n\n\n<style>.kb-row-layout-id1363_142a0d-97 > .kt-row-column-wrap{align-content:center;}:where(.kb-row-layout-id1363_142a0d-97 > .kt-row-column-wrap) > .wp-block-kadence-column{justify-content:center;}.kb-row-layout-id1363_142a0d-97 > .kt-row-column-wrap{column-gap:var(--global-kb-gap-lg, 4rem);row-gap:var(--global-kb-gap-lg, 4rem);}.kb-row-layout-id1363_142a0d-97 > .kt-row-column-wrap > div:not(.added-for-specificity){grid-column:initial;}.kb-row-layout-id1363_142a0d-97 > .kt-row-column-wrap{grid-template-columns:repeat(3, minmax(0, 1fr));}.kb-row-layout-id1363_142a0d-97 > .kt-row-layout-overlay{opacity:0.30;}@media all and (max-width: 1024px){.kb-row-layout-id1363_142a0d-97 > .kt-row-column-wrap > div:not(.added-for-specificity){grid-column:initial;}}@media all and (max-width: 1024px){.kb-row-layout-id1363_142a0d-97 > .kt-row-column-wrap{grid-template-columns:repeat(3, minmax(0, 1fr));}}@media all and (max-width: 767px){.kb-row-layout-id1363_142a0d-97 > .kt-row-column-wrap > div:not(.added-for-specificity){grid-column:initial;}.kb-row-layout-id1363_142a0d-97 > .kt-row-column-wrap{grid-template-columns:minmax(0, 1fr);}}<\/style><div class=\"kb-row-layout-wrap kb-row-layout-id1363_142a0d-97 alignnone wp-block-kadence-rowlayout\"><div class=\"kt-row-column-wrap kt-has-3-columns kt-row-layout-equal kt-tab-layout-inherit kt-mobile-layout-row kt-row-valign-middle kt-inner-column-height-full\">\n<style>.kadence-column1363_acf90a-b6 > .kt-inside-inner-col{padding-top:var(--global-kb-spacing-sm, 1.5rem);padding-right:var(--global-kb-spacing-sm, 1.5rem);padding-bottom:var(--global-kb-spacing-sm, 1.5rem);padding-left:var(--global-kb-spacing-sm, 1.5rem);}.kadence-column1363_acf90a-b6 > .kt-inside-inner-col,.kadence-column1363_acf90a-b6 > .kt-inside-inner-col:before{border-top-left-radius:0px;border-top-right-radius:0px;border-bottom-right-radius:0px;border-bottom-left-radius:0px;}.kadence-column1363_acf90a-b6 > .kt-inside-inner-col{column-gap:var(--global-kb-gap-sm, 1rem);}.kadence-column1363_acf90a-b6 > .kt-inside-inner-col{flex-direction:column;}.kadence-column1363_acf90a-b6 > .kt-inside-inner-col > .aligncenter{width:100%;}.kadence-column1363_acf90a-b6 > .kt-inside-inner-col{background-color:var(--global-palette9, #ffffff);}.kadence-column1363_acf90a-b6 > .kt-inside-inner-col:before{opacity:0.3;}.kadence-column1363_acf90a-b6{position:relative;}@media all and (max-width: 1024px){.kadence-column1363_acf90a-b6 > .kt-inside-inner-col{flex-direction:column;justify-content:center;}}@media all and (max-width: 767px){.kadence-column1363_acf90a-b6 > .kt-inside-inner-col{flex-direction:column;justify-content:center;}}<\/style>\n<div class=\"wp-block-kadence-column kadence-column1363_acf90a-b6 kb-section-dir-vertical\"><div class=\"kt-inside-inner-col\"><style>.wp-block-kadence-image.kb-image1363_ef2189-6a:not(.kb-specificity-added):not(.kb-extra-specificity-added){margin-bottom:0px;}.kb-image1363_ef2189-6a:not(.kb-image-is-ratio-size) .kb-img, .kb-image1363_ef2189-6a.kb-image-is-ratio-size{padding-bottom:0px;}.kb-image1363_ef2189-6a .kb-image-has-overlay:after{opacity:0.3;}.kb-image1363_ef2189-6a img.kb-img, .kb-image1363_ef2189-6a .kb-img img{object-position:51% 5%;}<\/style>\n<figure class=\"wp-block-kadence-image kb-image1363_ef2189-6a size-large kb-image-is-ratio-size\"><div class=\"kb-is-ratio-image kb-image-ratio-port34\"><img loading=\"lazy\" decoding=\"async\" width=\"1620\" height=\"1080\" src=\"https:\/\/nielsgadechamberorchestra.de\/wp-content\/uploads\/2026\/01\/IMG_0464-1620x1080.jpeg\" alt=\"\" class=\"kb-img wp-image-1844\" srcset=\"https:\/\/nielsgadechamberorchestra.de\/wp-content\/uploads\/2026\/01\/IMG_0464-1620x1080.jpeg 1620w, https:\/\/nielsgadechamberorchestra.de\/wp-content\/uploads\/2026\/01\/IMG_0464-600x400.jpeg 600w, https:\/\/nielsgadechamberorchestra.de\/wp-content\/uploads\/2026\/01\/IMG_0464-768x512.jpeg 768w, https:\/\/nielsgadechamberorchestra.de\/wp-content\/uploads\/2026\/01\/IMG_0464-1536x1024.jpeg 1536w, https:\/\/nielsgadechamberorchestra.de\/wp-content\/uploads\/2026\/01\/IMG_0464-18x12.jpeg 18w, https:\/\/nielsgadechamberorchestra.de\/wp-content\/uploads\/2026\/01\/IMG_0464-1320x880.jpeg 1320w, https:\/\/nielsgadechamberorchestra.de\/wp-content\/uploads\/2026\/01\/IMG_0464.jpeg 2000w\" sizes=\"auto, (max-width: 1620px) 100vw, 1620px\" \/><\/div><\/figure>\n\n\n<style>.kadence-column1363_c93076-2e > .kt-inside-inner-col{display:flex;}.kadence-column1363_c93076-2e{max-width:80%;margin-left:auto;margin-right:auto;}.wp-block-kadence-column.kb-section-dir-horizontal:not(.kb-section-md-dir-vertical)>.kt-inside-inner-col>.kadence-column1363_c93076-2e{-webkit-flex:0 1 80%;flex:0 1 80%;max-width:unset;margin-left:unset;margin-right:unset;}.kadence-column1363_c93076-2e > .kt-inside-inner-col,.kadence-column1363_c93076-2e > .kt-inside-inner-col:before{border-top-left-radius:0px;border-top-right-radius:0px;border-bottom-right-radius:0px;border-bottom-left-radius:0px;}.kadence-column1363_c93076-2e > .kt-inside-inner-col{column-gap:var(--global-kb-gap-sm, 1rem);}.kadence-column1363_c93076-2e > .kt-inside-inner-col{flex-direction:column;align-items:flex-start;}.kadence-column1363_c93076-2e > .kt-inside-inner-col > .kb-image-is-ratio-size{align-self:stretch;}.kadence-column1363_c93076-2e > .kt-inside-inner-col > .wp-block-kadence-advancedgallery{align-self:stretch;}.kadence-column1363_c93076-2e > .kt-inside-inner-col > .aligncenter{width:100%;}.kadence-column1363_c93076-2e > .kt-inside-inner-col:before{opacity:0.3;}.kadence-column1363_c93076-2e{position:relative;}.kadence-column1363_c93076-2e, .kt-inside-inner-col > .kadence-column1363_c93076-2e:not(.specificity){margin-left:0px;}@media all and (min-width: 1025px){.wp-block-kadence-column.kb-section-dir-horizontal>.kt-inside-inner-col>.kadence-column1363_c93076-2e{-webkit-flex:0 1 80%;flex:0 1 80%;max-width:unset;margin-left:unset;margin-right:unset;}}@media all and (max-width: 1024px){.kadence-column1363_c93076-2e > .kt-inside-inner-col{flex-direction:column;justify-content:center;align-items:flex-start;}}@media all and (max-width: 767px){.wp-block-kadence-column.kb-section-sm-dir-vertical:not(.kb-section-sm-dir-horizontal):not(.kb-section-sm-dir-specificity)>.kt-inside-inner-col>.kadence-column1363_c93076-2e{max-width:80%;-webkit-flex:1;flex:1;margin-left:auto;margin-right:auto;}.kadence-column1363_c93076-2e > .kt-inside-inner-col{flex-direction:column;justify-content:center;align-items:flex-start;}}<\/style>\n<div class=\"wp-block-kadence-column kadence-column1363_c93076-2e\"><div class=\"kt-inside-inner-col\">\n<p class=\"has-text-align-center\"><br>Jordi Albelda Santamargarita<\/p>\n<\/div><\/div>\n<\/div><\/div>\n\n\n<style>.kadence-column1363_128621-52 > .kt-inside-inner-col{padding-top:var(--global-kb-spacing-sm, 1.5rem);padding-right:var(--global-kb-spacing-sm, 1.5rem);padding-bottom:var(--global-kb-spacing-sm, 1.5rem);padding-left:var(--global-kb-spacing-sm, 1.5rem);}.kadence-column1363_128621-52 > .kt-inside-inner-col,.kadence-column1363_128621-52 > .kt-inside-inner-col:before{border-top-left-radius:0px;border-top-right-radius:0px;border-bottom-right-radius:0px;border-bottom-left-radius:0px;}.kadence-column1363_128621-52 > .kt-inside-inner-col{column-gap:var(--global-kb-gap-sm, 1rem);}.kadence-column1363_128621-52 > .kt-inside-inner-col{flex-direction:column;}.kadence-column1363_128621-52 > .kt-inside-inner-col > .aligncenter{width:100%;}.kadence-column1363_128621-52 > .kt-inside-inner-col{background-color:var(--global-palette9, #ffffff);}.kadence-column1363_128621-52 > .kt-inside-inner-col:before{opacity:0.3;}.kadence-column1363_128621-52{position:relative;}@media all and (max-width: 1024px){.kadence-column1363_128621-52 > .kt-inside-inner-col{flex-direction:column;justify-content:center;}}@media all and (max-width: 767px){.kadence-column1363_128621-52 > .kt-inside-inner-col{flex-direction:column;justify-content:center;}}<\/style>\n<div class=\"wp-block-kadence-column kadence-column1363_128621-52 kb-section-dir-vertical\"><div class=\"kt-inside-inner-col\"><style>.wp-block-kadence-image.kb-image1363_dff185-63:not(.kb-specificity-added):not(.kb-extra-specificity-added){margin-bottom:0px;}.kb-image1363_dff185-63:not(.kb-image-is-ratio-size) .kb-img, .kb-image1363_dff185-63.kb-image-is-ratio-size{padding-bottom:0px;}.kb-image1363_dff185-63 .kb-image-has-overlay:after{opacity:0.3;}.kb-image1363_dff185-63 img.kb-img, .kb-image1363_dff185-63 .kb-img img{object-position:46% 17%;}<\/style>\n<figure class=\"wp-block-kadence-image kb-image1363_dff185-63 size-large kb-image-is-ratio-size\"><div class=\"kb-is-ratio-image kb-image-ratio-port34\"><img loading=\"lazy\" decoding=\"async\" width=\"1620\" height=\"1080\" src=\"https:\/\/nielsgadechamberorchestra.de\/wp-content\/uploads\/2026\/01\/IMG_0463-1620x1080.jpeg\" alt=\"\" class=\"kb-img wp-image-1846\" srcset=\"https:\/\/nielsgadechamberorchestra.de\/wp-content\/uploads\/2026\/01\/IMG_0463-1620x1080.jpeg 1620w, https:\/\/nielsgadechamberorchestra.de\/wp-content\/uploads\/2026\/01\/IMG_0463-600x400.jpeg 600w, https:\/\/nielsgadechamberorchestra.de\/wp-content\/uploads\/2026\/01\/IMG_0463-768x512.jpeg 768w, https:\/\/nielsgadechamberorchestra.de\/wp-content\/uploads\/2026\/01\/IMG_0463-1536x1024.jpeg 1536w, https:\/\/nielsgadechamberorchestra.de\/wp-content\/uploads\/2026\/01\/IMG_0463-18x12.jpeg 18w, https:\/\/nielsgadechamberorchestra.de\/wp-content\/uploads\/2026\/01\/IMG_0463-1320x880.jpeg 1320w, https:\/\/nielsgadechamberorchestra.de\/wp-content\/uploads\/2026\/01\/IMG_0463.jpeg 2000w\" sizes=\"auto, (max-width: 1620px) 100vw, 1620px\" \/><\/div><\/figure>\n\n\n<style>.kadence-column1363_382894-24 > .kt-inside-inner-col{display:flex;}.kadence-column1363_382894-24{max-width:80%;margin-left:auto;margin-right:auto;}.wp-block-kadence-column.kb-section-dir-horizontal:not(.kb-section-md-dir-vertical)>.kt-inside-inner-col>.kadence-column1363_382894-24{-webkit-flex:0 1 80%;flex:0 1 80%;max-width:unset;margin-left:unset;margin-right:unset;}.kadence-column1363_382894-24 > .kt-inside-inner-col,.kadence-column1363_382894-24 > .kt-inside-inner-col:before{border-top-left-radius:0px;border-top-right-radius:0px;border-bottom-right-radius:0px;border-bottom-left-radius:0px;}.kadence-column1363_382894-24 > .kt-inside-inner-col{column-gap:var(--global-kb-gap-sm, 1rem);}.kadence-column1363_382894-24 > .kt-inside-inner-col{flex-direction:column;align-items:flex-start;}.kadence-column1363_382894-24 > .kt-inside-inner-col > .kb-image-is-ratio-size{align-self:stretch;}.kadence-column1363_382894-24 > .kt-inside-inner-col > .wp-block-kadence-advancedgallery{align-self:stretch;}.kadence-column1363_382894-24 > .kt-inside-inner-col > .aligncenter{width:100%;}.kadence-column1363_382894-24 > .kt-inside-inner-col:before{opacity:0.3;}.kadence-column1363_382894-24{position:relative;}.kadence-column1363_382894-24, .kt-inside-inner-col > .kadence-column1363_382894-24:not(.specificity){margin-left:0px;}@media all and (min-width: 1025px){.wp-block-kadence-column.kb-section-dir-horizontal>.kt-inside-inner-col>.kadence-column1363_382894-24{-webkit-flex:0 1 80%;flex:0 1 80%;max-width:unset;margin-left:unset;margin-right:unset;}}@media all and (max-width: 1024px){.kadence-column1363_382894-24 > .kt-inside-inner-col{flex-direction:column;justify-content:center;align-items:flex-start;}}@media all and (max-width: 767px){.wp-block-kadence-column.kb-section-sm-dir-vertical:not(.kb-section-sm-dir-horizontal):not(.kb-section-sm-dir-specificity)>.kt-inside-inner-col>.kadence-column1363_382894-24{max-width:80%;-webkit-flex:1;flex:1;margin-left:auto;margin-right:auto;}.kadence-column1363_382894-24 > .kt-inside-inner-col{flex-direction:column;justify-content:center;align-items:flex-start;}}<\/style>\n<div class=\"wp-block-kadence-column kadence-column1363_382894-24\"><div class=\"kt-inside-inner-col\">\n<p><br>Maximiliane Lorenz<\/p>\n<\/div><\/div>\n<\/div><\/div>\n\n\n<style>.kadence-column1363_7ee4a5-6c > .kt-inside-inner-col{padding-top:var(--global-kb-spacing-sm, 1.5rem);padding-right:var(--global-kb-spacing-sm, 1.5rem);padding-bottom:var(--global-kb-spacing-sm, 1.5rem);padding-left:var(--global-kb-spacing-sm, 1.5rem);}.kadence-column1363_7ee4a5-6c > .kt-inside-inner-col,.kadence-column1363_7ee4a5-6c > .kt-inside-inner-col:before{border-top-left-radius:0px;border-top-right-radius:0px;border-bottom-right-radius:0px;border-bottom-left-radius:0px;}.kadence-column1363_7ee4a5-6c > .kt-inside-inner-col{column-gap:var(--global-kb-gap-sm, 1rem);}.kadence-column1363_7ee4a5-6c > .kt-inside-inner-col{flex-direction:column;}.kadence-column1363_7ee4a5-6c > .kt-inside-inner-col > .aligncenter{width:100%;}.kadence-column1363_7ee4a5-6c > .kt-inside-inner-col{background-color:var(--global-palette9, #ffffff);}.kadence-column1363_7ee4a5-6c > .kt-inside-inner-col:before{opacity:0.3;}.kadence-column1363_7ee4a5-6c{position:relative;}@media all and (max-width: 1024px){.kadence-column1363_7ee4a5-6c > .kt-inside-inner-col{flex-direction:column;justify-content:center;}}@media all and (max-width: 767px){.kadence-column1363_7ee4a5-6c > .kt-inside-inner-col{flex-direction:column;justify-content:center;}}<\/style>\n<div class=\"wp-block-kadence-column kadence-column1363_7ee4a5-6c kb-section-dir-vertical\"><div class=\"kt-inside-inner-col\"><style>.wp-block-kadence-image.kb-image1363_0fae2c-ce:not(.kb-specificity-added):not(.kb-extra-specificity-added){margin-bottom:0px;}.kb-image1363_0fae2c-ce:not(.kb-image-is-ratio-size) .kb-img, .kb-image1363_0fae2c-ce.kb-image-is-ratio-size{padding-bottom:0px;}.kb-image1363_0fae2c-ce .kb-image-has-overlay:after{opacity:0.3;}.kb-image1363_0fae2c-ce img.kb-img, .kb-image1363_0fae2c-ce .kb-img img{object-position:60% 26%;}<\/style>\n<figure class=\"wp-block-kadence-image kb-image1363_0fae2c-ce size-large kb-image-is-ratio-size\"><div class=\"kb-is-ratio-image kb-image-ratio-port34\"><img loading=\"lazy\" decoding=\"async\" width=\"1620\" height=\"1080\" src=\"https:\/\/nielsgadechamberorchestra.de\/wp-content\/uploads\/2026\/01\/IMG_0471-1620x1080.jpeg\" alt=\"\" class=\"kb-img wp-image-1868\" srcset=\"https:\/\/nielsgadechamberorchestra.de\/wp-content\/uploads\/2026\/01\/IMG_0471-1620x1080.jpeg 1620w, https:\/\/nielsgadechamberorchestra.de\/wp-content\/uploads\/2026\/01\/IMG_0471-600x400.jpeg 600w, https:\/\/nielsgadechamberorchestra.de\/wp-content\/uploads\/2026\/01\/IMG_0471-768x512.jpeg 768w, https:\/\/nielsgadechamberorchestra.de\/wp-content\/uploads\/2026\/01\/IMG_0471-1536x1024.jpeg 1536w, https:\/\/nielsgadechamberorchestra.de\/wp-content\/uploads\/2026\/01\/IMG_0471-18x12.jpeg 18w, https:\/\/nielsgadechamberorchestra.de\/wp-content\/uploads\/2026\/01\/IMG_0471-1320x880.jpeg 1320w, https:\/\/nielsgadechamberorchestra.de\/wp-content\/uploads\/2026\/01\/IMG_0471.jpeg 2000w\" sizes=\"auto, (max-width: 1620px) 100vw, 1620px\" \/><\/div><\/figure>\n\n\n<style>.kadence-column1363_5c3143-f7 > .kt-inside-inner-col{display:flex;}.kadence-column1363_5c3143-f7{max-width:80%;margin-left:auto;margin-right:auto;}.wp-block-kadence-column.kb-section-dir-horizontal:not(.kb-section-md-dir-vertical)>.kt-inside-inner-col>.kadence-column1363_5c3143-f7{-webkit-flex:0 1 80%;flex:0 1 80%;max-width:unset;margin-left:unset;margin-right:unset;}.kadence-column1363_5c3143-f7 > .kt-inside-inner-col,.kadence-column1363_5c3143-f7 > .kt-inside-inner-col:before{border-top-left-radius:0px;border-top-right-radius:0px;border-bottom-right-radius:0px;border-bottom-left-radius:0px;}.kadence-column1363_5c3143-f7 > .kt-inside-inner-col{column-gap:var(--global-kb-gap-sm, 1rem);}.kadence-column1363_5c3143-f7 > .kt-inside-inner-col{flex-direction:column;align-items:flex-start;}.kadence-column1363_5c3143-f7 > .kt-inside-inner-col > .kb-image-is-ratio-size{align-self:stretch;}.kadence-column1363_5c3143-f7 > .kt-inside-inner-col > .wp-block-kadence-advancedgallery{align-self:stretch;}.kadence-column1363_5c3143-f7 > .kt-inside-inner-col > .aligncenter{width:100%;}.kadence-column1363_5c3143-f7 > .kt-inside-inner-col:before{opacity:0.3;}.kadence-column1363_5c3143-f7{position:relative;}.kadence-column1363_5c3143-f7, .kt-inside-inner-col > .kadence-column1363_5c3143-f7:not(.specificity){margin-left:0px;}@media all and (min-width: 1025px){.wp-block-kadence-column.kb-section-dir-horizontal>.kt-inside-inner-col>.kadence-column1363_5c3143-f7{-webkit-flex:0 1 80%;flex:0 1 80%;max-width:unset;margin-left:unset;margin-right:unset;}}@media all and (max-width: 1024px){.kadence-column1363_5c3143-f7 > .kt-inside-inner-col{flex-direction:column;justify-content:center;align-items:flex-start;}}@media all and (max-width: 767px){.wp-block-kadence-column.kb-section-sm-dir-vertical:not(.kb-section-sm-dir-horizontal):not(.kb-section-sm-dir-specificity)>.kt-inside-inner-col>.kadence-column1363_5c3143-f7{max-width:80%;-webkit-flex:1;flex:1;margin-left:auto;margin-right:auto;}.kadence-column1363_5c3143-f7 > .kt-inside-inner-col{flex-direction:column;justify-content:center;align-items:flex-start;}}<\/style>\n<div class=\"wp-block-kadence-column kadence-column1363_5c3143-f7\"><div class=\"kt-inside-inner-col\">\n<p class=\"has-text-align-center\"><br>Orkun Pala<\/p>\n<\/div><\/div>\n<\/div><\/div>\n\n<\/div><\/div><\/div><\/div>\n\n\n\n<h2 class=\"wp-block-heading\">VEREINSMITGLIED\u00adSCHAFT<\/h2>\n\n\n\n<p>Es wird kein Pflichtmitgliedsbeitrag erhoben. Freiwillige Beitr\u00e4ge oder Spenden sind jederzeit willkommen. Wir als Verein, haben uns f\u00fcr dieses Prinzip entschieden, damit jede Person die M\u00f6glichkeit hat, dem Verein beizutreten und diesen zu unterst\u00fctzen, auch wenn nur mit sehr kleinen Betr\u00e4gen. <\/p>\n\n\n\n<p>F\u00fcr Ihren freiwilligen Beitrag oder Ihre Spende erhalten Sie eine steuerlich absetzbare Spendenquittung.<\/p>\n\n\n\n<p>Freiwillige Beitr\u00e4ge und Spenden erbitten wir auf das Konto:<br>Freunde und F\u00f6rderer des NGCO eV<br>IBAN: DE08860956040307722356<br>BIC: GENODEF1LVB<br>LEIPZIGER VOLKSBANK<\/p>\n\n\n\n<h2 class=\"wp-block-heading\">DOKUMENTE<\/h2>\n\n\n\n<p>Unter folgenden Links k\u00f6nnen Sie den Aufnahmeantrag und die Satzung einsehen und herunterladen:<br>Satzung: <a href=\"https:\/\/nielsgadechamberorchestra.de\/wp-content\/uploads\/2026\/05\/Satzung_28012026_ohne_Unterschriften.pdf\" data-type=\"attachment\" data-id=\"2173\" target=\"_blank\" rel=\"noreferrer noopener\">Satzung_28012026<\/a><br>Aufnahmeantrag: <a href=\"https:\/\/nielsgadechamberorchestra.de\/wp-content\/uploads\/2026\/05\/Aufnahmeantrag_FreundeundFordererdesNGCOe.V.pdf\" data-type=\"attachment\" data-id=\"2214\" target=\"_blank\" rel=\"noreferrer noopener\">Aufnahmeantrag_FreundeundF\u00f6rdererdesNGCOe.V.<\/a><br>Falls Sie ein SEPA-Lastschriftmandat w\u00fcnschen, senden wir dieses Ihnen gerne zu. Melden Sie sich dazu bei dem unten stehenden Kontakt.<\/p>\n\n\n\n<h2 class=\"wp-block-heading\">KONTAKT<\/h2>\n\n\n\n<p>Maximiliane Lorenz<br>E-Mail: lorenz@nielsgadechamberorchestra.de<br>Adresse: Blumenstra\u00dfe 3, 04105 Leipzig<br>Telefon: +49 159 01471461<\/p>\n\n\n\n<p><\/p>","protected":false},"excerpt":{"rendered":"<p>SPENDEN UND UNTERST\u00dcTZUNG Im Jahr 2025 haben wir den gemeinn\u00fctzigen Verein Freunde und F\u00f6rderer des Niels Gade Chamber Orchestra e.V. ins Leben gerufen, um die k\u00fcnstlerische Arbeit unseres Ensembles langfristig&#8230;<\/p>","protected":false},"author":1,"featured_media":1827,"parent":207,"menu_order":0,"comment_status":"closed","ping_status":"closed","template":"","meta":{"_kad_post_transparent":"","_kad_post_title":"","_kad_post_layout":"","_kad_post_sidebar_id":"","_kad_post_content_style":"","_kad_post_vertical_padding":"","_kad_post_feature":"hide","_kad_post_feature_position":"behind","_kad_post_header":false,"_kad_post_footer":false,"_kad_post_classname":"","footnotes":""},"class_list":["post-1363","page","type-page","status-publish","has-post-thumbnail","hentry"],"_hostinger_reach_plugin_has_subscription_block":false,"_hostinger_reach_plugin_is_elementor":false,"_links":{"self":[{"href":"https:\/\/nielsgadechamberorchestra.de\/en\/wp-json\/wp\/v2\/pages\/1363","targetHints":{"allow":["GET"]}}],"collection":[{"href":"https:\/\/nielsgadechamberorchestra.de\/en\/wp-json\/wp\/v2\/pages"}],"about":[{"href":"https:\/\/nielsgadechamberorchestra.de\/en\/wp-json\/wp\/v2\/types\/page"}],"author":[{"embeddable":true,"href":"https:\/\/nielsgadechamberorchestra.de\/en\/wp-json\/wp\/v2\/users\/1"}],"replies":[{"embeddable":true,"href":"https:\/\/nielsgadechamberorchestra.de\/en\/wp-json\/wp\/v2\/comments?post=1363"}],"version-history":[{"count":27,"href":"https:\/\/nielsgadechamberorchestra.de\/en\/wp-json\/wp\/v2\/pages\/1363\/revisions"}],"predecessor-version":[{"id":2227,"href":"https:\/\/nielsgadechamberorchestra.de\/en\/wp-json\/wp\/v2\/pages\/1363\/revisions\/2227"}],"up":[{"embeddable":true,"href":"https:\/\/nielsgadechamberorchestra.de\/en\/wp-json\/wp\/v2\/pages\/207"}],"wp:featuredmedia":[{"embeddable":true,"href":"https:\/\/nielsgadechamberorchestra.de\/en\/wp-json\/wp\/v2\/media\/1827"}],"wp:attachment":[{"href":"https:\/\/nielsgadechamberorchestra.de\/en\/wp-json\/wp\/v2\/media?parent=1363"}],"curies":[{"name":"wp","href":"https:\/\/api.w.org\/{rel}","templated":true}]}}