{"id":1571,"date":"2025-09-22T18:01:20","date_gmt":"2025-09-22T18:01:20","guid":{"rendered":"https:\/\/nielsgadechamberorchestra.de\/?page_id=1571"},"modified":"2026-05-11T19:41:30","modified_gmt":"2026-05-11T19:41:30","slug":"niels-gade-quartet","status":"publish","type":"page","link":"https:\/\/nielsgadechamberorchestra.de\/en\/658-2\/niels-gade-quartet\/","title":{"rendered":"Niels Gade Quartet"},"content":{"rendered":"<p><\/p>\n\n\n\n<p><\/p>\n\n\n\n<p><\/p>\n\n\n\n<p><\/p>\n\n\n\n<p><\/p>\n\n\n\n<p><\/p>\n\n\n\n<p><\/p>\n\n\n\n<p><\/p>\n\n\n\n<p><\/p>\n\n\n\n<p><\/p>\n\n\n\n<p><\/p>\n\n\n\n<p><\/p>\n\n\n\n<p><\/p>\n\n\n\n<h2 class=\"wp-block-heading has-text-align-center has-xxlarge-font-size\">Niels Gade Quartet<\/h2>\n\n\n\n<p><\/p>\n\n\n\n<p>Das&nbsp;Niels Gade Quartet&nbsp;ging aus dem Orchester&nbsp;Niels Gade Chamber Orchestra&nbsp;hervor und vereint die vier Stimmf\u00fchrerinnen und Stimmf\u00fchrer des Orchesters. Gegr\u00fcndet im Jahr 2025 an der Hochschule f\u00fcr Musik und Theater Leipzig, besteht das Ensemble aus jungen, professionellen Musikerinnen und Musikern, die durch ihre gemeinsame k\u00fcnstlerische Arbeit eng miteinander verbunden sind. Was als musikalische Zusammenarbeit innerhalb des Orchesters begann, entwickelte sich bald zu einer eigenst\u00e4ndigen kammermusikalischen Formation \u2013 getragen von einer gemeinsamen k\u00fcnstlerischen Vision und einem tiefen Engagement f\u00fcr das Streichquartettrepertoire.<\/p>\n\n\n\n<p>Each of the four musicians has gained valuable artistic experience in renowned orchestras such as the Leipzig Gewandhaus Orchestra, the MDR Symphony Orchestra, and the Staatskapelle Halle. This collaboration has shaped their musical versatility, stylistic sensitivity, and orchestral sound concept. In addition to their symphonic activities, all members are experienced chamber musicians who have given numerous concerts throughout Germany. Their interpretations are characterized by attentive listening, finely balanced sound structures, and a lively musical dialogue that reflects their shared stage experience.<\/p>\n\n\n\n<p>The collaboration with Frank Reinecke of the Vogler Quartet has been a significant artistic stimulus for the ensemble. Under his mentorship, the quartet is continuously deepening its interpretative insight, structural clarity, and stylistic sophistication in the core repertoire of quartet literature. This close artistic guidance plays an essential role in the development of the ensemble's musical identity.<\/p>\n\n\n\n<p>As an emerging ensemble, the quartet is distinguished by a high level of musical expressiveness, a warm and nuanced sound, and a vibrant, cohesive ensemble spirit. Rooted in a strong orchestral background yet devoted to the intimacy and precision of chamber music, the Niels Gade Quartet seeks to create performances that are both intellectually compelling and emotionally resonant.<\/p>\n\n\n<style>.wp-block-kadence-advancedheading.kt-adv-heading1571_0b5eee-42, .wp-block-kadence-advancedheading.kt-adv-heading1571_0b5eee-42[data-kb-block=\"kb-adv-heading1571_0b5eee-42\"]{font-style:normal;}.wp-block-kadence-advancedheading.kt-adv-heading1571_0b5eee-42 mark.kt-highlight, .wp-block-kadence-advancedheading.kt-adv-heading1571_0b5eee-42[data-kb-block=\"kb-adv-heading1571_0b5eee-42\"] mark.kt-highlight{font-style:normal;color:#f76a0c;-webkit-box-decoration-break:clone;box-decoration-break:clone;padding-top:0px;padding-right:0px;padding-bottom:0px;padding-left:0px;}.wp-block-kadence-advancedheading.kt-adv-heading1571_0b5eee-42 img.kb-inline-image, .wp-block-kadence-advancedheading.kt-adv-heading1571_0b5eee-42[data-kb-block=\"kb-adv-heading1571_0b5eee-42\"] img.kb-inline-image{width:150px;vertical-align:baseline;}<\/style>\n<h1 class=\"kt-adv-heading1571_0b5eee-42 wp-block-kadence-advancedheading\" data-kb-block=\"kb-adv-heading1571_0b5eee-42\"> Mitglieder:<\/h1>\n\n\n\n<div class=\"wp-block-media-text is-stacked-on-mobile is-vertically-aligned-center\"><figure class=\"wp-block-media-text__media\"><img loading=\"lazy\" decoding=\"async\" width=\"1620\" height=\"1080\" src=\"https:\/\/nielsgadechamberorchestra.de\/wp-content\/uploads\/2026\/01\/IMG_0478-1620x1080.jpeg\" alt=\"\" class=\"wp-image-1870 size-full\" srcset=\"https:\/\/nielsgadechamberorchestra.de\/wp-content\/uploads\/2026\/01\/IMG_0478-1620x1080.jpeg 1620w, https:\/\/nielsgadechamberorchestra.de\/wp-content\/uploads\/2026\/01\/IMG_0478-600x400.jpeg 600w, https:\/\/nielsgadechamberorchestra.de\/wp-content\/uploads\/2026\/01\/IMG_0478-768x512.jpeg 768w, https:\/\/nielsgadechamberorchestra.de\/wp-content\/uploads\/2026\/01\/IMG_0478-1536x1024.jpeg 1536w, https:\/\/nielsgadechamberorchestra.de\/wp-content\/uploads\/2026\/01\/IMG_0478-2048x1365.jpeg 2048w, https:\/\/nielsgadechamberorchestra.de\/wp-content\/uploads\/2026\/01\/IMG_0478-18x12.jpeg 18w, https:\/\/nielsgadechamberorchestra.de\/wp-content\/uploads\/2026\/01\/IMG_0478-1320x880.jpeg 1320w\" sizes=\"auto, (max-width: 1620px) 100vw, 1620px\" \/><\/figure><div class=\"wp-block-media-text__content\">\n<h2 class=\"wp-block-heading has-text-align-center has-large-font-size\">Orkun Pala<\/h2>\n\n\n\n<p class=\"has-text-align-left\"><br>Orkun Pala begann seine Violinausbildung an der Bilkent Universit\u00e4t und studierte anschlie\u00dfend an der Hochschule f\u00fcr Musik und Theater Leipzig bei Prof. Frank Reinecke. Neben seinem Studium sammelte er Erfahrungen in den Bereichen Komposition und Dirigieren.<\/p>\n\n\n\n<p>Als Solist trat er mit mehreren Orchestern auf und konzertierte bei internationalen Festivals wie dem Schleswig-Holstein Musik Festival, den Mendelssohn Festtagen und dem Mahler Festival. Zudem war er in verschiedenen Orchestern als Konzertmeister und Stimmf\u00fchrer t\u00e4tig.<\/p>\n\n\n\n<p>2018 und 2020 wurde er beim Kammermusikwettbewerb der HMT Leipzig mit dem zweiten Preis und dem Publikumspreis ausgezeichnet. Von 2022 bis 2025 war er Akademist und Zeitvertrag-K\u00fcnstler des Gewandhausorchesters Leipzig. Derzeit ist er Konzertmeister des&nbsp;Niels Gade Chamber Orchestra.<\/p>\n<\/div><\/div>\n\n\n\n<p><\/p>\n\n\n\n<div class=\"wp-block-media-text has-media-on-the-right is-stacked-on-mobile is-vertically-aligned-top\"><div class=\"wp-block-media-text__content\">\n<h2 class=\"wp-block-heading has-text-align-center has-large-font-size\">Sophia Rau<\/h2>\n<\/div><figure class=\"wp-block-media-text__media\"><img loading=\"lazy\" decoding=\"async\" width=\"1620\" height=\"1080\" src=\"https:\/\/nielsgadechamberorchestra.de\/wp-content\/uploads\/2026\/01\/IMG_0470-1620x1080.jpeg\" alt=\"\" class=\"wp-image-1872 size-full\" srcset=\"https:\/\/nielsgadechamberorchestra.de\/wp-content\/uploads\/2026\/01\/IMG_0470-1620x1080.jpeg 1620w, https:\/\/nielsgadechamberorchestra.de\/wp-content\/uploads\/2026\/01\/IMG_0470-600x400.jpeg 600w, https:\/\/nielsgadechamberorchestra.de\/wp-content\/uploads\/2026\/01\/IMG_0470-768x512.jpeg 768w, https:\/\/nielsgadechamberorchestra.de\/wp-content\/uploads\/2026\/01\/IMG_0470-1536x1024.jpeg 1536w, https:\/\/nielsgadechamberorchestra.de\/wp-content\/uploads\/2026\/01\/IMG_0470-18x12.jpeg 18w, https:\/\/nielsgadechamberorchestra.de\/wp-content\/uploads\/2026\/01\/IMG_0470-1320x880.jpeg 1320w, https:\/\/nielsgadechamberorchestra.de\/wp-content\/uploads\/2026\/01\/IMG_0470.jpeg 2000w\" sizes=\"auto, (max-width: 1620px) 100vw, 1620px\" \/><\/figure><\/div>\n\n\n\n<div class=\"wp-block-media-text is-stacked-on-mobile is-vertically-aligned-top\"><figure class=\"wp-block-media-text__media\"><img loading=\"lazy\" decoding=\"async\" width=\"1620\" height=\"1080\" src=\"https:\/\/nielsgadechamberorchestra.de\/wp-content\/uploads\/2026\/01\/IMG_0477-1620x1080.jpeg\" alt=\"\" class=\"wp-image-1878 size-full\" srcset=\"https:\/\/nielsgadechamberorchestra.de\/wp-content\/uploads\/2026\/01\/IMG_0477-1620x1080.jpeg 1620w, https:\/\/nielsgadechamberorchestra.de\/wp-content\/uploads\/2026\/01\/IMG_0477-600x400.jpeg 600w, https:\/\/nielsgadechamberorchestra.de\/wp-content\/uploads\/2026\/01\/IMG_0477-768x512.jpeg 768w, https:\/\/nielsgadechamberorchestra.de\/wp-content\/uploads\/2026\/01\/IMG_0477-1536x1024.jpeg 1536w, https:\/\/nielsgadechamberorchestra.de\/wp-content\/uploads\/2026\/01\/IMG_0477-18x12.jpeg 18w, https:\/\/nielsgadechamberorchestra.de\/wp-content\/uploads\/2026\/01\/IMG_0477-1320x880.jpeg 1320w, https:\/\/nielsgadechamberorchestra.de\/wp-content\/uploads\/2026\/01\/IMG_0477.jpeg 2000w\" sizes=\"auto, (max-width: 1620px) 100vw, 1620px\" \/><\/figure><div class=\"wp-block-media-text__content\">\n<h2 class=\"wp-block-heading has-text-align-center has-large-font-size\">Bennet Ortmann<\/h2>\n<\/div><\/div>\n\n\n\n<div class=\"wp-block-media-text has-media-on-the-right is-stacked-on-mobile is-vertically-aligned-top\"><div class=\"wp-block-media-text__content\">\n<h2 class=\"wp-block-heading has-text-align-center has-large-font-size\">Jordi Albelda Santamargarita<\/h2>\n\n\n\n<p>Jordi Albelda&nbsp;begann sein Violoncellostudium im Alter von sieben Jahren am Institut de M\u00fasica i Dansa d\u2019Andorra la Vella bei Prof. Llu\u00eds Claret und studierte anschlie\u00dfend an der Hochschule f\u00fcr Musik und Theater Leipzig bei Prof. Peter Bruns. Zus\u00e4tzlich widmet er sich dem Barockcello sowie dem Masterstudium Kammermusik in Leipzig.<\/p>\n\n\n\n<p>Musikalische Impulse erhielt er unter anderem von K\u00fcnstlerpers\u00f6nlichkeiten wie Elisabeth Leonskaja, Valentin Erben und Vineta Sareika. Er ist Mitbegr\u00fcnder und K\u00fcnstlerischer Leiter des&nbsp;Niels Gade Chamber Orchestra.<\/p>\n\n\n\n<p>In der Spielzeit 2023\/24 war Jordi Albelda Akademist am&nbsp;Theater Chemnitz. Seit 2025 ist er Solo-Cellist der&nbsp;Staatskapelle Halle.<\/p>\n<\/div><figure class=\"wp-block-media-text__media\"><img loading=\"lazy\" decoding=\"async\" width=\"1620\" height=\"1080\" src=\"https:\/\/nielsgadechamberorchestra.de\/wp-content\/uploads\/2026\/01\/IMG_0464-1-1620x1080.jpeg\" alt=\"\" class=\"wp-image-1882 size-full\" srcset=\"https:\/\/nielsgadechamberorchestra.de\/wp-content\/uploads\/2026\/01\/IMG_0464-1-1620x1080.jpeg 1620w, https:\/\/nielsgadechamberorchestra.de\/wp-content\/uploads\/2026\/01\/IMG_0464-1-600x400.jpeg 600w, https:\/\/nielsgadechamberorchestra.de\/wp-content\/uploads\/2026\/01\/IMG_0464-1-768x512.jpeg 768w, https:\/\/nielsgadechamberorchestra.de\/wp-content\/uploads\/2026\/01\/IMG_0464-1-1536x1024.jpeg 1536w, https:\/\/nielsgadechamberorchestra.de\/wp-content\/uploads\/2026\/01\/IMG_0464-1-18x12.jpeg 18w, https:\/\/nielsgadechamberorchestra.de\/wp-content\/uploads\/2026\/01\/IMG_0464-1-1320x880.jpeg 1320w, https:\/\/nielsgadechamberorchestra.de\/wp-content\/uploads\/2026\/01\/IMG_0464-1.jpeg 2000w\" sizes=\"auto, (max-width: 1620px) 100vw, 1620px\" \/><\/figure><\/div>\n\n\n\n<p><\/p>","protected":false},"excerpt":{"rendered":"<p>Niels Gade Quartet Das&nbsp;Niels Gade Quartet&nbsp;ging aus dem Orchester&nbsp;Niels Gade Chamber Orchestra&nbsp;hervor und vereint die vier Stimmf\u00fchrerinnen und Stimmf\u00fchrer des Orchesters. Gegr\u00fcndet im Jahr 2025 an der Hochschule f\u00fcr Musik&#8230;<\/p>","protected":false},"author":1,"featured_media":2186,"parent":658,"menu_order":0,"comment_status":"closed","ping_status":"closed","template":"","meta":{"_kad_post_transparent":"enable","_kad_post_title":"hide","_kad_post_layout":"normal","_kad_post_sidebar_id":"","_kad_post_content_style":"unboxed","_kad_post_vertical_padding":"default","_kad_post_feature":"show","_kad_post_feature_position":"behind","_kad_post_header":false,"_kad_post_footer":false,"_kad_post_classname":"","footnotes":""},"class_list":["post-1571","page","type-page","status-publish","has-post-thumbnail","hentry"],"_hostinger_reach_plugin_has_subscription_block":false,"_hostinger_reach_plugin_is_elementor":false,"_links":{"self":[{"href":"https:\/\/nielsgadechamberorchestra.de\/en\/wp-json\/wp\/v2\/pages\/1571","targetHints":{"allow":["GET"]}}],"collection":[{"href":"https:\/\/nielsgadechamberorchestra.de\/en\/wp-json\/wp\/v2\/pages"}],"about":[{"href":"https:\/\/nielsgadechamberorchestra.de\/en\/wp-json\/wp\/v2\/types\/page"}],"author":[{"embeddable":true,"href":"https:\/\/nielsgadechamberorchestra.de\/en\/wp-json\/wp\/v2\/users\/1"}],"replies":[{"embeddable":true,"href":"https:\/\/nielsgadechamberorchestra.de\/en\/wp-json\/wp\/v2\/comments?post=1571"}],"version-history":[{"count":39,"href":"https:\/\/nielsgadechamberorchestra.de\/en\/wp-json\/wp\/v2\/pages\/1571\/revisions"}],"predecessor-version":[{"id":2198,"href":"https:\/\/nielsgadechamberorchestra.de\/en\/wp-json\/wp\/v2\/pages\/1571\/revisions\/2198"}],"up":[{"embeddable":true,"href":"https:\/\/nielsgadechamberorchestra.de\/en\/wp-json\/wp\/v2\/pages\/658"}],"wp:featuredmedia":[{"embeddable":true,"href":"https:\/\/nielsgadechamberorchestra.de\/en\/wp-json\/wp\/v2\/media\/2186"}],"wp:attachment":[{"href":"https:\/\/nielsgadechamberorchestra.de\/en\/wp-json\/wp\/v2\/media?parent=1571"}],"curies":[{"name":"wp","href":"https:\/\/api.w.org\/{rel}","templated":true}]}}