{"id":197,"date":"2025-04-01T18:33:06","date_gmt":"2025-04-01T18:33:06","guid":{"rendered":"https:\/\/nielsgadechamberorchestra.de\/?page_id=197"},"modified":"2026-05-10T09:11:41","modified_gmt":"2026-05-10T09:11:41","slug":"contact","status":"publish","type":"page","link":"https:\/\/nielsgadechamberorchestra.de\/en\/contact\/","title":{"rendered":"Contact"},"content":{"rendered":"<div style=\"height:100px\" aria-hidden=\"true\" class=\"wp-block-spacer\"><\/div>\n\n\n\n<div class=\"wp-block-columns is-layout-flex wp-container-core-columns-is-layout-9d6595d7 wp-block-columns-is-layout-flex\">\n<div class=\"wp-block-column is-vertically-aligned-top is-layout-flow wp-block-column-is-layout-flow\">\n<h1 class=\"wp-block-heading\">Artistic direction<\/h1>\n\n\n\n<h2 class=\"wp-block-heading\">Jordi Albelda Santamargarita<\/h2>\n\n\n\n<p><strong>E-mail:<\/strong> albelda@nielsgadechamberorchestra.de<\/p>\n<\/div>\n\n\n\n<div class=\"wp-block-column is-layout-flow wp-block-column-is-layout-flow\">\n<h1 class=\"wp-block-heading\">Project manager<\/h1>\n\n\n\n<h2 class=\"wp-block-heading\">Maximiliane Lorenz<\/h2>\n\n\n\n<p><strong>E-mail:<\/strong> lorenz@nielsgadechamberorchestra.de<\/p>\n<\/div>\n<\/div>\n\n\n\n<div class=\"wp-block-columns is-layout-flex wp-container-core-columns-is-layout-9d6595d7 wp-block-columns-is-layout-flex\">\n<div class=\"wp-block-column is-layout-flow wp-block-column-is-layout-flow\">\n<h1 class=\"wp-block-heading\">Social Media<\/h1>\n\n\n\n<h2 class=\"wp-block-heading\">Beatriz Arag\u00f3n Carre\u00f1o<\/h2>\n\n\n\n<p><strong>E-mail:<\/strong> ng.chamberorchestra@gmail.com<\/p>\n<\/div>\n\n\n\n<div class=\"wp-block-column is-layout-flow wp-block-column-is-layout-flow\">\n<h1 class=\"wp-block-heading\">Events<\/h1>\n\n\n\n<h2 class=\"wp-block-heading\">Pelinnur I\u1e63\u0131kc\u0131<\/h2>\n\n\n\n<p><strong>E-mail:<\/strong> isikci@nielsgadechamberorchestra.de<\/p>\n\n\n\n<h2 class=\"wp-block-heading\">Elisaweta Oreshkow<\/h2>\n\n\n\n<p><strong>E-mail:<\/strong> oreshkow@nielsgadechamberorchestra.de<\/p>\n<\/div>\n<\/div>\n\n\n\n<p><\/p>\n\n\n\n<div style=\"height:100px\" aria-hidden=\"true\" class=\"wp-block-spacer\"><\/div>\n\n\n  \n  \n  <div class=\"mailpoet_form_popup_overlay\"><\/div>\n  <div\n    id=\"mailpoet_form_1\"\n    class=\"mailpoet_form      mailpoet_form_html      mailpoet_form_position_      mailpoet_form_animation_\"\n      >\n\n    <style type=\"text\/css\">\n     #mailpoet_form_1 .mailpoet_form {  }\n#mailpoet_form_1 form { margin-bottom: 0; }\n#mailpoet_form_1 .mailpoet_column_with_background { padding: 0px; }\n#mailpoet_form_1 .wp-block-column:first-child, #mailpoet_form_1 .mailpoet_form_column:first-child { padding: 0 20px; }\n#mailpoet_form_1 .mailpoet_form_column:not(:first-child) { margin-left: 0; }\n#mailpoet_form_1 h2.mailpoet-heading { margin: 0 0 12px 0; }\n#mailpoet_form_1 .mailpoet_paragraph { line-height: 20px; margin-bottom: 20px; }\n#mailpoet_form_1 .mailpoet_segment_label, #mailpoet_form_1 .mailpoet_text_label, #mailpoet_form_1 .mailpoet_textarea_label, #mailpoet_form_1 .mailpoet_select_label, #mailpoet_form_1 .mailpoet_radio_label, #mailpoet_form_1 .mailpoet_checkbox_label, #mailpoet_form_1 .mailpoet_list_label, #mailpoet_form_1 .mailpoet_date_label { display: block; font-weight: normal; }\n#mailpoet_form_1 .mailpoet_text, #mailpoet_form_1 .mailpoet_textarea, #mailpoet_form_1 .mailpoet_select, #mailpoet_form_1 .mailpoet_date_month, #mailpoet_form_1 .mailpoet_date_day, #mailpoet_form_1 .mailpoet_date_year, #mailpoet_form_1 .mailpoet_date { display: block; }\n#mailpoet_form_1 .mailpoet_text, #mailpoet_form_1 .mailpoet_textarea { width: 200px; }\n#mailpoet_form_1 .mailpoet_checkbox {  }\n#mailpoet_form_1 .mailpoet_submit {  }\n#mailpoet_form_1 .mailpoet_divider {  }\n#mailpoet_form_1 .mailpoet_message {  }\n#mailpoet_form_1 .mailpoet_form_loading { width: 30px; text-align: center; line-height: normal; }\n#mailpoet_form_1 .mailpoet_form_loading > span { width: 5px; height: 5px; background-color: #5b5b5b; }#mailpoet_form_1{border: 4px solid #000000;border-radius: 22px;background: #ffffff;color: #000000;text-align: left;}#mailpoet_form_1 form.mailpoet_form {padding: 16px;}#mailpoet_form_1{width: 100%;}#mailpoet_form_1 .mailpoet_message {margin: 0; padding: 0 20px;}\n        #mailpoet_form_1 .mailpoet_validate_success {color: #00d084}\n        #mailpoet_form_1 input.parsley-success {color: #00d084}\n        #mailpoet_form_1 select.parsley-success {color: #00d084}\n        #mailpoet_form_1 textarea.parsley-success {color: #00d084}\n      \n        #mailpoet_form_1 .mailpoet_validate_error {color: #cf2e2e}\n        #mailpoet_form_1 input.parsley-error {color: #cf2e2e}\n        #mailpoet_form_1 select.parsley-error {color: #cf2e2e}\n        #mailpoet_form_1 textarea.textarea.parsley-error {color: #cf2e2e}\n        #mailpoet_form_1 .parsley-errors-list {color: #cf2e2e}\n        #mailpoet_form_1 .parsley-required {color: #cf2e2e}\n        #mailpoet_form_1 .parsley-custom-error-message {color: #cf2e2e}\n      #mailpoet_form_1 .mailpoet_paragraph.last {margin-bottom: 0} @media (max-width: 500px) {#mailpoet_form_1 {background: #ffffff;}} @media (min-width: 500px) {#mailpoet_form_1 .last .mailpoet_paragraph:last-child {margin-bottom: 0}}  @media (max-width: 500px) {#mailpoet_form_1 .mailpoet_form_column:last-child .mailpoet_paragraph:last-child {margin-bottom: 0}} \n    <\/style>\n\n    <form\n      target=\"_self\"\n      method=\"post\"\n      action=\"https:\/\/nielsgadechamberorchestra.de\/wp-admin\/admin-post.php?action=mailpoet_subscription_form\"\n      class=\"mailpoet_form mailpoet_form_form mailpoet_form_html\"\n      novalidate\n data-delay=\"\"\n      data-exit-intent-enabled=\"\"\n      data-font-family=\"\"\n      data-cookie-expiration-time=\"\"\n    >\n      <input type=\"hidden\" name=\"data[form_id]\" value=\"1\" \/>\n      <input type=\"hidden\" name=\"token\" value=\"902ed0ef91\" \/>\n      <input type=\"hidden\" name=\"api_version\" value=\"v1\" \/>\n      <input type=\"hidden\" name=\"endpoint\" value=\"subscribers\" \/>\n      <input type=\"hidden\" name=\"mailpoet_method\" value=\"subscribe\" \/>\n\n      <label class=\"mailpoet_hp_email_label\" style=\"display: none !important;\">Please leave this field empty<input type=\"email\" name=\"data[email]\"\/><\/label><div class='mailpoet_form_columns_container'><div class=\"mailpoet_form_columns mailpoet_paragraph mailpoet_vertically_align_center mailpoet_stack_on_mobile\"><div class=\"mailpoet_form_column mailpoet_vertically_align_center\" style=\"flex-basis:100%;\"><div class='mailpoet_spacer' style='height: 1px;'><\/div>\n<h2 class=\"mailpoet-heading  mailpoet-has-font-size\" style=\"text-align: center; color: #000000; font-size: 35px\">Exclusive content delivered straight to your inbox!<\/h2>\n<p class=\"mailpoet_form_paragraph  mailpoet-has-font-size\" style=\"text-align: center; color: #000000; font-size: 20px\">Verpassen Sie keine wichtigen Updates mehr \u2013 mit unserem Newsletter sind Sie immer einen Schritt voraus.<\/p>\n<div class=\"mailpoet_paragraph\"><input type=\"email\" autocomplete=\"email\" class=\"mailpoet_text\" id=\"form_email_1\" name=\"data[form_field_MTRlMGU0ZTY3YjNkX2VtYWls]\" title=\"E-mail-Adresse\" value=\"\" style=\"width:100%;box-sizing:border-box;padding:10px;margin: 0 auto 0 0;font-size:15px;line-height:1.5;height:auto;\" data-automation-id=\"form_email\"  placeholder=\"E-mail adress*\" aria-label=\"E-mail adress*\" data-parsley-errors-container=\".mailpoet_error_1ix9g\" data-parsley-required=\"true\" required aria-required=\"true\" data-parsley-minlength=\"6\" data-parsley-maxlength=\"150\" data-parsley-type-message=\"This value should be a valid email.\" data-parsley-required-message=\"This field is required.\"\/><span class=\"mailpoet_error_1ix9g\"><\/span><\/div>\n<div class=\"mailpoet_paragraph\"><input type=\"submit\" class=\"mailpoet_submit\" value=\"Enter the list\" data-automation-id=\"subscribe-submit-button\" data-font-family='Fira Sans' style=\"width:100%;box-sizing:border-box;background-color:#eee300;border-style:solid;border-radius:9px !important;border-width:1px;border-color:#313131;padding:8px;margin: 0 auto 0 0;font-family:&#039;Fira Sans&#039;;font-size:16px;line-height:1.5;height:auto;color:#313131;font-weight:bold;\" \/><span class=\"mailpoet_form_loading\"><span class=\"mailpoet_bounce1\"><\/span><span class=\"mailpoet_bounce2\"><\/span><span class=\"mailpoet_bounce3\"><\/span><\/span><\/div>\n<p class=\"mailpoet_form_paragraph  mailpoet-has-font-size\" style=\"text-align: center; color: #000000; font-size: 13px\"><span style=\"font-family: Fira Sans\" data-font=\"Fira Sans\" class=\"mailpoet-has-font\">We do not send spam emails! For further information, please refer to our privacy policy. <a href=\"https:\/\/nielsgadechamberorchestra.de\/en\/687-2\/\" data-type=\"page\" data-id=\"687\">Datenschutzerkl\u00e4rung<\/a>.<\/span><\/p>\n<\/div>\n<\/div><\/div>\n\n      <div class=\"mailpoet_message\">\n        <p class=\"mailpoet_validate_success\"\n                style=\"display:none;\"\n                >\u00dcberpr\u00fcfe deinen Posteingang oder Spam-Ordner, um deine Anmeldung zu best\u00e4tigen.\n        <\/p>\n        <p class=\"mailpoet_validate_error\"\n                style=\"display:none;\"\n                >        <\/p>\n      <\/div>\n    <\/form>\n\n      <\/div>\n\n  \n\n\n<div style=\"height:100px\" aria-hidden=\"true\" class=\"wp-block-spacer\"><\/div>\n\n\n<style>.kb-row-layout-id197_8821af-98 > .kt-row-column-wrap{align-content:start;}:where(.kb-row-layout-id197_8821af-98 > .kt-row-column-wrap) > .wp-block-kadence-column{justify-content:start;}.kb-row-layout-id197_8821af-98 > .kt-row-column-wrap{column-gap:var(--global-kb-gap-lg, 4rem);row-gap:var(--global-kb-gap-md, 2rem);max-width:var( --global-content-width, 1290px );padding-left:var(--global-content-edge-padding);padding-right:var(--global-content-edge-padding);padding-top:var(--global-kb-spacing-md, 2rem);padding-bottom:var(--global-kb-spacing-xl, 4rem);grid-template-columns:repeat(2, minmax(0, 1fr));}.kb-row-layout-id197_8821af-98{box-shadow:0px 0px 14px 0px rgba(0, 0, 0, 0.2);border-top:0px solid #070707;border-right:0px solid #070707;border-bottom:0px solid #070707;border-left:0px solid #070707;}.kb-row-layout-id197_8821af-98 > .kt-row-layout-overlay{opacity:0.30;}@media all and (max-width: 1024px){.kb-row-layout-id197_8821af-98 > .kt-row-column-wrap{row-gap:var(--global-kb-gap-sm, 1rem);grid-template-columns:repeat(2, minmax(0, 1fr));}}@media all and (max-width: 1024px){.kb-row-layout-id197_8821af-98{border-top:0px solid #070707;border-right:0px solid #070707;border-bottom:0px solid #070707;border-left:0px solid #070707;}}@media all and (max-width: 767px){.kb-row-layout-id197_8821af-98 > .kt-row-column-wrap{row-gap:var(--global-kb-gap-sm, 1rem);grid-template-columns:minmax(0, 1fr);}.kb-row-layout-id197_8821af-98{border-top:0px solid #070707;border-right:0px solid #070707;border-bottom:0px solid #070707;border-left:0px solid #070707;}}<\/style><div class=\"kb-row-layout-wrap kb-row-layout-id197_8821af-98 alignfull has-theme-palette9-background-color kt-row-has-bg wp-block-kadence-rowlayout\"><div class=\"kt-row-column-wrap kt-has-2-columns kt-row-layout-equal kt-tab-layout-inherit kt-mobile-layout-row kt-row-valign-top kb-theme-content-width\">\n<style>.kadence-column197_236aee-a0 > .kt-inside-inner-col{display:flex;}.kadence-column197_236aee-a0 > .kt-inside-inner-col,.kadence-column197_236aee-a0 > .kt-inside-inner-col:before{border-top-left-radius:0px;border-top-right-radius:0px;border-bottom-right-radius:0px;border-bottom-left-radius:0px;}.kadence-column197_236aee-a0 > .kt-inside-inner-col{column-gap:var(--global-kb-gap-sm, 1rem);}.kadence-column197_236aee-a0 > .kt-inside-inner-col{flex-direction:column;justify-content:center;align-items:center;}.kadence-column197_236aee-a0 > .kt-inside-inner-col > .kb-image-is-ratio-size{align-self:stretch;}.kadence-column197_236aee-a0 > .kt-inside-inner-col > .wp-block-kadence-advancedgallery{align-self:stretch;}.kadence-column197_236aee-a0 > .kt-inside-inner-col > .aligncenter{width:100%;}.kt-row-column-wrap > .kadence-column197_236aee-a0{align-self:center;}.kt-inner-column-height-full:not(.kt-has-1-columns) > .wp-block-kadence-column.kadence-column197_236aee-a0{align-self:auto;}.kt-inner-column-height-full:not(.kt-has-1-columns) > .wp-block-kadence-column.kadence-column197_236aee-a0 > .kt-inside-inner-col{flex-direction:column;justify-content:center;}.kadence-column197_236aee-a0 > .kt-inside-inner-col:before{opacity:0.3;}.kadence-column197_236aee-a0{position:relative;}@media all and (max-width: 1024px){.kadence-column197_236aee-a0 > .kt-inside-inner-col{padding-bottom:var(--global-kb-spacing-md, 2rem);flex-direction:column;justify-content:center;align-items:center;}}@media all and (max-width: 1024px){.kt-row-column-wrap > .kadence-column197_236aee-a0{align-self:center;}}@media all and (max-width: 1024px){.kt-inner-column-height-full:not(.kt-has-1-columns) > .wp-block-kadence-column.kadence-column197_236aee-a0{align-self:auto;}}@media all and (max-width: 1024px){.kt-inner-column-height-full:not(.kt-has-1-columns) > .wp-block-kadence-column.kadence-column197_236aee-a0 > .kt-inside-inner-col{flex-direction:column;justify-content:center;}}@media all and (max-width: 1024px){.kt-row-column-wrap.kt-tab-layout-three-grid > .kadence-column197_236aee-a0, .kt-row-column-wrap.kt-tab-layout-two-grid > .kadence-column197_236aee-a0, .kt-row-column-wrap.kt-tab-layout-row > .kadence-column197_236aee-a0{order:1;}}@media all and (max-width: 767px){.kt-row-column-wrap > .kadence-column197_236aee-a0{align-self:center;}.kt-inner-column-height-full:not(.kt-has-1-columns) > .wp-block-kadence-column.kadence-column197_236aee-a0{align-self:auto;}.kt-inner-column-height-full:not(.kt-has-1-columns) > .wp-block-kadence-column.kadence-column197_236aee-a0 > .kt-inside-inner-col{flex-direction:column;justify-content:center;}.kt-row-column-wrap.kt-mobile-layout-three-grid > .kadence-column197_236aee-a0, .kt-row-column-wrap.kt-mobile-layout-two-grid > .kadence-column197_236aee-a0, .kt-row-column-wrap.kt-mobile-layout-row > .kadence-column197_236aee-a0{order:1 !important;}.kadence-column197_236aee-a0 > .kt-inside-inner-col{flex-direction:column;justify-content:center;align-items:center;}}<\/style>\n<div class=\"wp-block-kadence-column kadence-column197_236aee-a0 inner-column-1\"><div class=\"kt-inside-inner-col\">\n<h2 class=\"wp-block-heading has-xl-font-size has-text-color has-link-color has-xxlarge-font-size wp-elements-46bf75cdbe15dd872ae7ecfa7ce4ac58\" style=\"color:#000000\">Contact <\/h2>\n\n\n\n<p><\/p>\n\n\n\n<p class=\"has-medium-font-size\"><strong>Niels Gade Chamber Orchestra<\/strong><\/p>\n\n\n\n<p class=\"has-medium-font-size\"><strong>Telefon:<\/strong> +49 (0)176 87329376<\/p>\n\n\n\n<p class=\"has-medium-font-size\"><strong>email:<\/strong> info@nielsgadechamberorchestra.de<\/p>\n<\/div><\/div>\n\n\n<style>.kadence-column197_077480-46 > .kt-inside-inner-col,.kadence-column197_077480-46 > .kt-inside-inner-col:before{border-top-left-radius:0px;border-top-right-radius:0px;border-bottom-right-radius:0px;border-bottom-left-radius:0px;}.kadence-column197_077480-46 > .kt-inside-inner-col{column-gap:var(--global-kb-gap-sm, 1rem);}.kadence-column197_077480-46 > .kt-inside-inner-col{flex-direction:column;}.kadence-column197_077480-46 > .kt-inside-inner-col > .aligncenter{width:100%;}.kadence-column197_077480-46 > .kt-inside-inner-col:before{opacity:0.3;}.kadence-column197_077480-46{position:relative;}@media all and (max-width: 1024px){.kt-row-column-wrap.kt-tab-layout-three-grid > .kadence-column197_077480-46, .kt-row-column-wrap.kt-tab-layout-two-grid > .kadence-column197_077480-46, .kt-row-column-wrap.kt-tab-layout-row > .kadence-column197_077480-46{order:2;}}@media all and (max-width: 1024px){.kadence-column197_077480-46 > .kt-inside-inner-col{flex-direction:column;justify-content:center;}}@media all and (max-width: 767px){.kt-row-column-wrap.kt-mobile-layout-three-grid > .kadence-column197_077480-46, .kt-row-column-wrap.kt-mobile-layout-two-grid > .kadence-column197_077480-46, .kt-row-column-wrap.kt-mobile-layout-row > .kadence-column197_077480-46{order:2 !important;}.kadence-column197_077480-46 > .kt-inside-inner-col{flex-direction:column;justify-content:center;}}<\/style>\n<div class=\"wp-block-kadence-column kadence-column197_077480-46 inner-column-2\"><div class=\"kt-inside-inner-col\"><style>.wp-block-kadence-form.kadence-form-197_884508-8e.kb-form-wrap{margin-top:0px;margin-bottom:0px;}.kadence-form-197_884508-8e .kb-form .kadence-blocks-form-field{margin-bottom:21px;}.kadence-form-197_884508-8e .kb-form .kadence-blocks-form-field{padding-right:10px;padding-left:10px;}.kadence-form-197_884508-8e .kb-form{margin-right:-10px;margin-left:-10px;}.kadence-form-197_884508-8e .kb-form .kadence-blocks-form-field .kb-text-style-field, .kadence-form-197_884508-8e .kb-form .kadence-blocks-form-field .kb-select-style-field{color:var(--global-palette7, #EDF2F7);border-radius:27px;font-size:var(--global-kb-font-size-md, 1.25rem);border-width:1px 1px 1px 1px;background:var(--global-palette4, #2D3748);border-color:var(--global-palette6, #718096);box-shadow:inset 1px 1px 2px 0px rgba(0, 0, 0, 0.2);}.kadence-form-197_884508-8e .kb-form .kadence-blocks-form-field > label{color:var(--global-palette3, #1A202C);}.kadence-form-197_884508-8e .kb-form .kadence-blocks-form-field .kb-forms-submit{color:var(--global-palette7, #EDF2F7);border-radius:27px;border-width:1px 1px 1px 1px;border-color:var(--global-palette7, #EDF2F7);}.kadence-form-197_884508-8e .kb-form .kadence-blocks-form-field .kb-forms-submit{font-size:var(--global-kb-font-size-md, 1.25rem);line-height:30px;}.kadence-form-197_884508-8e .kadence-blocks-form-warning{color:var(--global-palette7, #EDF2F7);border-color:var(--global-palette1, #3182CE);background:var(--global-palette9, #ffffff);}.kadence-form-197_884508-8e .kadence-blocks-form-message, .kadence-form-197_884508-8e .kb-form-error-msg{font-size:var(--global-kb-font-size-md, 1.25rem);}.kb-form input.kadence-blocks-field.verify{opacity:0.0;position:absolute;top:0.0;left:0.0;width:0.0;height:0.0;z-index:-1;}<\/style>\n<div class=\"wp-block-kadence-form kadence-form-197_884508-8e kb-form-wrap\"><form class=\"kb-form\" action=\"\" method=\"post\" data-trp-original-action=\"\"><div class=\"kadence-blocks-form-field kb-field-desk-width-100 kb-field-mobile-width-100 kb-input-size-standard\"><label for=\"kb_field_197_884508-8e_0\">Vor- und Nachname<span class=\"required\">*<\/span><\/label><input name=\"kb_field_0\" id=\"kb_field_197_884508-8e_0\" data-label=\"Vor- und Nachname\" type=\"text\" placeholder=\"First name and surname\" value=\"\" data-type=\"text\" class=\"kb-field kb-text-style-field kb-text-field kb-field-0\" autocomplete=\"name\" data-required=\"yes\" data-required-message=\"Dieses Feld ist erforderlich.\"\/><\/div><div class=\"kadence-blocks-form-field kb-form-field-1 kb-field-desk-width-100 kb-input-size-standard\"><label for=\"kb_field_197_884508-8e_1\">Email<span class=\"required\">*<\/span><\/label><input name=\"kb_field_1\" id=\"kb_field_197_884508-8e_1\" data-label=\"Email\" type=\"email\" placeholder=\"maxmustermann@zumbeispiel.com\" value=\"\" data-type=\"email\" class=\"kb-field kb-text-style-field kb-email-field kb-field-1\" data-required=\"yes\" data-required-message=\"Dieses Feld ist erforderlich.\" data-validation-message=\"Bitte geben Sie eine g\u00fcltige Emailadresse..\"\/><\/div><div class=\"kadence-blocks-form-field kb-form-field-2 kb-field-desk-width-100 kb-input-size-standard\"><label for=\"kb_field_197_884508-8e_2\">Message<span class=\"required\">*<\/span><\/label><textarea name=\"kb_field_2\" id=\"kb_field_197_884508-8e_2\" data-label=\"Nachricht\" type=\"textarea\" placeholder=\"Nachricht eingeben\u2026\" data-type=\"textarea\" class=\"kb-field kb-text-style-field kb-textarea-field kb-field-2\" rows=\"7\" data-required=\"yes\"><\/textarea><\/div><input type=\"hidden\" name=\"_kb_form_id\" value=\"197_884508-8e\"\/><input type=\"hidden\" name=\"_kb_form_post_id\" value=\"197\"\/><input type=\"hidden\" name=\"action\" value=\"kb_process_ajax_submit\"\/><label class=\"kadence-verify-label\">Email<input class=\"kadence-blocks-field verify\" type=\"text\" name=\"_kb_verify_email\" autocomplete=\"new-password\" aria-hidden=\"true\" placeholder=\"Email\" tabindex=\"-1\" data-1p-ignore=\"true\" data-lpignore=\"true\" \/><\/label><div class=\"kadence-blocks-form-field kb-submit-field kb-field-desk-width-100\"><button class=\"kb-forms-submit button kb-button-size-large kb-button-width-auto\">Send<\/button><\/div><input type=\"hidden\" name=\"trp-form-language\" value=\"en\"\/><\/form><\/div>\n<noscript><div class=\"kadence-blocks-form-message kadence-blocks-form-warning\">Please enable JavaScript in your browser to submit the form<\/div><style>.kadence-form-197_884508-8e .kadence-blocks-form-field.kb-submit-field { display: none; }<\/style><\/noscript><\/div><\/div>\n\n<\/div><\/div>\n\n\n<p><\/p>","protected":false},"excerpt":{"rendered":"<p>K\u00fcnstlerische Leitung Jordi Albelda Santamargarita E-mail: albelda@nielsgadechamberorchestra.de Projektmanagement Maximiliane Lorenz E-mail: lorenz@nielsgadechamberorchestra.de Social Media Beatriz Arag\u00f3n Carre\u00f1o E-mail: ng.chamberorchestra@gmail.com Veranstaltung Pelinnur I\u1e63\u0131kc\u0131 E-mail: isikci@nielsgadechamberorchestra.de Elisaweta Oreshkow E-mail: oreshkow@nielsgadechamberorchestra.de Kontakt Niels&#8230;<\/p>","protected":false},"author":1,"featured_media":0,"parent":0,"menu_order":0,"comment_status":"closed","ping_status":"closed","template":"","meta":{"_kad_post_transparent":"","_kad_post_title":"hide","_kad_post_layout":"","_kad_post_sidebar_id":"","_kad_post_content_style":"","_kad_post_vertical_padding":"","_kad_post_feature":"","_kad_post_feature_position":"","_kad_post_header":false,"_kad_post_footer":false,"_kad_post_classname":"","footnotes":""},"class_list":["post-197","page","type-page","status-publish","hentry"],"_hostinger_reach_plugin_has_subscription_block":false,"_hostinger_reach_plugin_is_elementor":false,"_links":{"self":[{"href":"https:\/\/nielsgadechamberorchestra.de\/en\/wp-json\/wp\/v2\/pages\/197","targetHints":{"allow":["GET"]}}],"collection":[{"href":"https:\/\/nielsgadechamberorchestra.de\/en\/wp-json\/wp\/v2\/pages"}],"about":[{"href":"https:\/\/nielsgadechamberorchestra.de\/en\/wp-json\/wp\/v2\/types\/page"}],"author":[{"embeddable":true,"href":"https:\/\/nielsgadechamberorchestra.de\/en\/wp-json\/wp\/v2\/users\/1"}],"replies":[{"embeddable":true,"href":"https:\/\/nielsgadechamberorchestra.de\/en\/wp-json\/wp\/v2\/comments?post=197"}],"version-history":[{"count":19,"href":"https:\/\/nielsgadechamberorchestra.de\/en\/wp-json\/wp\/v2\/pages\/197\/revisions"}],"predecessor-version":[{"id":2175,"href":"https:\/\/nielsgadechamberorchestra.de\/en\/wp-json\/wp\/v2\/pages\/197\/revisions\/2175"}],"wp:attachment":[{"href":"https:\/\/nielsgadechamberorchestra.de\/en\/wp-json\/wp\/v2\/media?parent=197"}],"curies":[{"name":"wp","href":"https:\/\/api.w.org\/{rel}","templated":true}]}}